{"id":352,"date":"2025-04-04T12:13:14","date_gmt":"2025-04-04T10:13:14","guid":{"rendered":"http:\/\/electricsolutionsmallorca.disstintbeta.com\/elektrizitaet\/"},"modified":"2025-04-11T09:37:12","modified_gmt":"2025-04-11T07:37:12","slug":"elektrizitaet","status":"publish","type":"page","link":"https:\/\/electricsolutionsmallorca.com.es\/de\/elektrizitaet\/","title":{"rendered":"Elektrizit\u00e4t"},"content":{"rendered":"\t\t<div data-elementor-type=\"wp-post\" data-elementor-id=\"352\" class=\"elementor elementor-352 elementor-101\" data-elementor-post-type=\"page\">\n\t\t\t\t<div class=\"elementor-element elementor-element-8ef681c e-flex e-con-boxed e-con e-parent\" data-id=\"8ef681c\" data-element_type=\"container\" data-settings=\"{&quot;background_background&quot;:&quot;classic&quot;}\">\n\t\t\t\t\t<div class=\"e-con-inner\">\n\t\t<div class=\"elementor-element elementor-element-e2de39e e-con-full e-flex e-con e-child\" data-id=\"e2de39e\" data-element_type=\"container\">\n\t\t\t\t<div class=\"elementor-element elementor-element-46f4765 elementor-widget elementor-widget-heading\" data-id=\"46f4765\" data-element_type=\"widget\" data-widget_type=\"heading.default\">\n\t\t\t\t<div class=\"elementor-widget-container\">\n\t\t\t\t\t<h1 class=\"elementor-heading-title elementor-size-default\">Electric Solutions Mallorca<\/h1>\t\t\t\t<\/div>\n\t\t\t\t<\/div>\n\t\t\t\t<div class=\"elementor-element elementor-element-2de7bb1 elementor-widget elementor-widget-heading\" data-id=\"2de7bb1\" data-element_type=\"widget\" data-widget_type=\"heading.default\">\n\t\t\t\t<div class=\"elementor-widget-container\">\n\t\t\t\t\t<h2 class=\"elementor-heading-title elementor-size-default\">Energie f\u00fcr Ihr Zuhause und Ihr Unternehmen<\/h2>\t\t\t\t<\/div>\n\t\t\t\t<\/div>\n\t\t\t\t<\/div>\n\t\t\t\t\t<\/div>\n\t\t\t\t<\/div>\n\t\t<div class=\"elementor-element elementor-element-6359457 e-flex e-con-boxed e-con e-parent\" data-id=\"6359457\" data-element_type=\"container\">\n\t\t\t\t\t<div class=\"e-con-inner\">\n\t\t<div class=\"elementor-element elementor-element-50ad3d7 e-con-full e-flex e-con e-child\" data-id=\"50ad3d7\" data-element_type=\"container\">\n\t\t\t\t<div class=\"elementor-element elementor-element-b30ff90 elementor-widget elementor-widget-heading\" data-id=\"b30ff90\" data-element_type=\"widget\" data-widget_type=\"heading.default\">\n\t\t\t\t<div class=\"elementor-widget-container\">\n\t\t\t\t\t<h2 class=\"elementor-heading-title elementor-size-default\">Effiziente und sichere elektrische L\u00f6sungen<\/h2>\t\t\t\t<\/div>\n\t\t\t\t<\/div>\n\t\t\t\t<\/div>\n\t\t<div class=\"elementor-element elementor-element-4cfea62 e-con-full e-flex e-con e-child\" data-id=\"4cfea62\" data-element_type=\"container\">\n\t\t\t\t<div class=\"elementor-element elementor-element-d9adbcc elementor-widget elementor-widget-text-editor\" data-id=\"d9adbcc\" data-element_type=\"widget\" data-widget_type=\"text-editor.default\">\n\t\t\t\t<div class=\"elementor-widget-container\">\n\t\t\t\t\t\t\t\t\t<p>Wir von <strong>Electric Solutions Mallorca<\/strong> bieten Ihnen qualitativ hochwertige elektrische Dienstleistungen, die die Effizienz und Sicherheit Ihres Hauses oder Ihres Unternehmens verbessern sollen.<\/p><p>Von <strong>kompletten Elektroinstallationen<\/strong> bis hin zu <strong>Photovoltaikanlagen<\/strong> garantieren wir Ihnen L\u00f6sungen, die auf Ihre Bed\u00fcrfnisse zugeschnitten sind, mit hochwertigen Materialien und modernster Technologie.<\/p><p><\/p>\t\t\t\t\t\t\t\t<\/div>\n\t\t\t\t<\/div>\n\t\t\t\t<\/div>\n\t\t\t\t\t<\/div>\n\t\t\t\t<\/div>\n\t\t<div class=\"elementor-element elementor-element-3cb5cb7 e-flex e-con-boxed e-con e-parent\" data-id=\"3cb5cb7\" data-element_type=\"container\">\n\t\t\t\t\t<div class=\"e-con-inner\">\n\t\t<div class=\"elementor-element elementor-element-7346cee e-con-full e-flex e-con e-child\" data-id=\"7346cee\" data-element_type=\"container\">\n\t\t\t\t<div class=\"elementor-element elementor-element-2e6c52c elementor-widget elementor-widget-heading\" data-id=\"2e6c52c\" data-element_type=\"widget\" data-widget_type=\"heading.default\">\n\t\t\t\t<div class=\"elementor-widget-container\">\n\t\t\t\t\t<h2 class=\"elementor-heading-title elementor-size-default\">Ma\u00dfgeschneiderte elektrische L\u00f6sungen<\/h2>\t\t\t\t<\/div>\n\t\t\t\t<\/div>\n\t\t\t\t<div class=\"elementor-element elementor-element-978ebcf elementor-widget elementor-widget-heading\" data-id=\"978ebcf\" data-element_type=\"widget\" data-widget_type=\"heading.default\">\n\t\t\t\t<div class=\"elementor-widget-container\">\n\t\t\t\t\t<h3 class=\"elementor-heading-title elementor-size-default\">Elektrische Installationen<\/h3>\t\t\t\t<\/div>\n\t\t\t\t<\/div>\n\t\t\t\t<div class=\"elementor-element elementor-element-74794c5 elementor-widget elementor-widget-text-editor\" data-id=\"74794c5\" data-element_type=\"widget\" data-widget_type=\"text-editor.default\">\n\t\t\t\t<div class=\"elementor-widget-container\">\n\t\t\t\t\t\t\t\t\t<p>Wir f\u00fchren <strong>umfassende Elektroinstallationen<\/strong> sowohl in Privathaushalten als auch in Unternehmen durch. Dabei halten wir uns an die geltenden Vorschriften, um ein sicheres, effizientes und langlebiges System zu gew\u00e4hrleisten. Von der Erstinstallation bis hin zur Erneuerung von Schalttafeln oder Verkabelungen, unser Expertenteam wickelt den gesamten Prozess mit Pr\u00e4zision und Professionalit\u00e4t ab.<\/p>\t\t\t\t\t\t\t\t<\/div>\n\t\t\t\t<\/div>\n\t\t\t\t<\/div>\n\t\t<div class=\"elementor-element elementor-element-b067f5d e-con-full e-flex e-con e-child\" data-id=\"b067f5d\" data-element_type=\"container\">\n\t\t\t\t<div class=\"elementor-element elementor-element-b77af4e elementor-widget elementor-widget-image\" data-id=\"b77af4e\" data-element_type=\"widget\" data-widget_type=\"image.default\">\n\t\t\t\t<div class=\"elementor-widget-container\">\n\t\t\t\t\t\t\t\t\t\t\t\t\t\t\t<img fetchpriority=\"high\" decoding=\"async\" width=\"648\" height=\"410\" src=\"https:\/\/electric-solutions-mallorca.fra1.digitaloceanspaces.com\/wp-content\/uploads\/2025\/04\/soluciones_el_ctricas_a_medida_1x.webp\" class=\"attachment-large size-large wp-image-291\" alt=\"\" srcset=\"https:\/\/electric-solutions-mallorca.fra1.digitaloceanspaces.com\/wp-content\/uploads\/2025\/04\/soluciones_el_ctricas_a_medida_1x.webp 648w, https:\/\/electric-solutions-mallorca.fra1.digitaloceanspaces.com\/wp-content\/uploads\/2025\/04\/soluciones_el_ctricas_a_medida_1x-300x190.webp 300w\" sizes=\"(max-width: 648px) 100vw, 648px\" \/>\t\t\t\t\t\t\t\t\t\t\t\t\t\t\t<\/div>\n\t\t\t\t<\/div>\n\t\t\t\t<\/div>\n\t\t\t\t\t<\/div>\n\t\t\t\t<\/div>\n\t\t<div class=\"elementor-element elementor-element-ecef4be e-flex e-con-boxed e-con e-parent\" data-id=\"ecef4be\" data-element_type=\"container\">\n\t\t\t\t\t<div class=\"e-con-inner\">\n\t\t<div class=\"elementor-element elementor-element-68dfd01 e-con-full e-flex e-con e-child\" data-id=\"68dfd01\" data-element_type=\"container\">\n\t\t\t\t<div class=\"elementor-element elementor-element-31d0463 elementor-widget elementor-widget-heading\" data-id=\"31d0463\" data-element_type=\"widget\" data-widget_type=\"heading.default\">\n\t\t\t\t<div class=\"elementor-widget-container\">\n\t\t\t\t\t<h3 class=\"elementor-heading-title elementor-size-default\">Fotovoltaik<\/h3>\t\t\t\t<\/div>\n\t\t\t\t<\/div>\n\t\t\t\t<div class=\"elementor-element elementor-element-cd12e7a elementor-widget elementor-widget-text-editor\" data-id=\"cd12e7a\" data-element_type=\"widget\" data-widget_type=\"text-editor.default\">\n\t\t\t\t<div class=\"elementor-widget-container\">\n\t\t\t\t\t\t\t\t\t<p>Nutzen Sie die Energie der Sonne, um Ihren Stromverbrauch zu senken und sich f\u00fcr ein nachhaltigeres Modell zu entscheiden. Wir entwerfen und installieren ma\u00dfgeschneiderte <strong>Photovoltaiksysteme<\/strong> mit hochmodernen Solarmodulen, die die Energieproduktion maximieren. Senken Sie Ihre Stromrechnung und leisten Sie einen Beitrag zum Umweltschutz mit einer auf Ihre Bed\u00fcrfnisse abgestimmten Anlage.<\/p>\t\t\t\t\t\t\t\t<\/div>\n\t\t\t\t<\/div>\n\t\t\t\t<\/div>\n\t\t<div class=\"elementor-element elementor-element-12f2b57 e-con-full e-flex e-con e-child\" data-id=\"12f2b57\" data-element_type=\"container\">\n\t\t\t\t<div class=\"elementor-element elementor-element-faecc24 elementor-widget elementor-widget-image\" data-id=\"faecc24\" data-element_type=\"widget\" data-widget_type=\"image.default\">\n\t\t\t\t<div class=\"elementor-widget-container\">\n\t\t\t\t\t\t\t\t\t\t\t\t\t\t\t<img decoding=\"async\" width=\"650\" height=\"352\" src=\"https:\/\/electric-solutions-mallorca.fra1.digitaloceanspaces.com\/wp-content\/uploads\/2025\/04\/fotovoltaica_1x.webp\" class=\"attachment-large size-large wp-image-287\" alt=\"\" srcset=\"https:\/\/electric-solutions-mallorca.fra1.digitaloceanspaces.com\/wp-content\/uploads\/2025\/04\/fotovoltaica_1x.webp 650w, https:\/\/electric-solutions-mallorca.fra1.digitaloceanspaces.com\/wp-content\/uploads\/2025\/04\/fotovoltaica_1x-300x162.webp 300w\" sizes=\"(max-width: 650px) 100vw, 650px\" \/>\t\t\t\t\t\t\t\t\t\t\t\t\t\t\t<\/div>\n\t\t\t\t<\/div>\n\t\t\t\t<\/div>\n\t\t\t\t\t<\/div>\n\t\t\t\t<\/div>\n\t\t<div class=\"elementor-element elementor-element-7ef2c28 e-flex e-con-boxed e-con e-parent\" data-id=\"7ef2c28\" data-element_type=\"container\">\n\t\t\t\t\t<div class=\"e-con-inner\">\n\t\t<div class=\"elementor-element elementor-element-eaa590a e-con-full e-flex e-con e-child\" data-id=\"eaa590a\" data-element_type=\"container\">\n\t\t\t\t<div class=\"elementor-element elementor-element-d5eb768 elementor-widget elementor-widget-heading\" data-id=\"d5eb768\" data-element_type=\"widget\" data-widget_type=\"heading.default\">\n\t\t\t\t<div class=\"elementor-widget-container\">\n\t\t\t\t\t<h3 class=\"elementor-heading-title elementor-size-default\">Elektrische Ladeger\u00e4te<\/h3>\t\t\t\t<\/div>\n\t\t\t\t<\/div>\n\t\t\t\t<div class=\"elementor-element elementor-element-63c0bcb elementor-widget elementor-widget-text-editor\" data-id=\"63c0bcb\" data-element_type=\"widget\" data-widget_type=\"text-editor.default\">\n\t\t\t\t<div class=\"elementor-widget-container\">\n\t\t\t\t\t\t\t\t\t<p>Haben Sie ein Elektrofahrzeug? Wir erleichtern die Installation von <strong>Ladestationen f\u00fcr Privathaushalte und Unternehmen<\/strong> und sorgen f\u00fcr schnelles und effizientes Laden. Wir k\u00fcmmern uns um die Installation, Konfiguration und Wartung, damit Sie maximalen Komfort und Autonomie in Ihrer Elektromobilit\u00e4t genie\u00dfen k\u00f6nnen.<\/p>\t\t\t\t\t\t\t\t<\/div>\n\t\t\t\t<\/div>\n\t\t\t\t<\/div>\n\t\t<div class=\"elementor-element elementor-element-d09a20c e-con-full e-flex e-con e-child\" data-id=\"d09a20c\" data-element_type=\"container\">\n\t\t\t\t<div class=\"elementor-element elementor-element-97098e4 elementor-widget elementor-widget-image\" data-id=\"97098e4\" data-element_type=\"widget\" data-widget_type=\"image.default\">\n\t\t\t\t<div class=\"elementor-widget-container\">\n\t\t\t\t\t\t\t\t\t\t\t\t\t\t\t<img decoding=\"async\" width=\"650\" height=\"352\" src=\"https:\/\/electric-solutions-mallorca.fra1.digitaloceanspaces.com\/wp-content\/uploads\/2025\/04\/cargadores_el_ctricos_1x.webp\" class=\"attachment-large size-large wp-image-285\" alt=\"\" srcset=\"https:\/\/electric-solutions-mallorca.fra1.digitaloceanspaces.com\/wp-content\/uploads\/2025\/04\/cargadores_el_ctricos_1x.webp 650w, https:\/\/electric-solutions-mallorca.fra1.digitaloceanspaces.com\/wp-content\/uploads\/2025\/04\/cargadores_el_ctricos_1x-300x162.webp 300w\" sizes=\"(max-width: 650px) 100vw, 650px\" \/>\t\t\t\t\t\t\t\t\t\t\t\t\t\t\t<\/div>\n\t\t\t\t<\/div>\n\t\t\t\t<\/div>\n\t\t\t\t\t<\/div>\n\t\t\t\t<\/div>\n\t\t<div class=\"elementor-element elementor-element-763cd9c e-flex e-con-boxed e-con e-parent\" data-id=\"763cd9c\" data-element_type=\"container\">\n\t\t\t\t\t<div class=\"e-con-inner\">\n\t\t<div class=\"elementor-element elementor-element-6d12663 e-con-full e-flex e-con e-child\" data-id=\"6d12663\" data-element_type=\"container\">\n\t\t\t\t<div class=\"elementor-element elementor-element-3df3784 elementor-widget elementor-widget-heading\" data-id=\"3df3784\" data-element_type=\"widget\" data-widget_type=\"heading.default\">\n\t\t\t\t<div class=\"elementor-widget-container\">\n\t\t\t\t\t<h3 class=\"elementor-heading-title elementor-size-default\">Beleuchtung<\/h3>\t\t\t\t<\/div>\n\t\t\t\t<\/div>\n\t\t\t\t<div class=\"elementor-element elementor-element-70ad8a4 elementor-widget elementor-widget-text-editor\" data-id=\"70ad8a4\" data-element_type=\"widget\" data-widget_type=\"text-editor.default\">\n\t\t\t\t<div class=\"elementor-widget-container\">\n\t\t\t\t\t\t\t\t\t<p>Verwandeln Sie Ihre R\u00e4ume mit einem <strong>effizienten und ma\u00dfgeschneiderten Beleuchtungssystem<\/strong>. Wir installieren energieeffiziente LED-L\u00f6sungen f\u00fcr Wohnh\u00e4user, Unternehmen und Au\u00dfenbereiche, die das Licht optimieren und die Energiekosten senken. Wir k\u00f6nnen Sie auch bei der Lichtgestaltung beraten, um funktionale und einladende Umgebungen zu schaffen.<\/p>\t\t\t\t\t\t\t\t<\/div>\n\t\t\t\t<\/div>\n\t\t\t\t<\/div>\n\t\t<div class=\"elementor-element elementor-element-42947c1 e-con-full e-flex e-con e-child\" data-id=\"42947c1\" data-element_type=\"container\">\n\t\t\t\t<div class=\"elementor-element elementor-element-430720e elementor-widget elementor-widget-image\" data-id=\"430720e\" data-element_type=\"widget\" data-widget_type=\"image.default\">\n\t\t\t\t<div class=\"elementor-widget-container\">\n\t\t\t\t\t\t\t\t\t\t\t\t\t\t\t<img loading=\"lazy\" decoding=\"async\" width=\"650\" height=\"352\" src=\"https:\/\/electric-solutions-mallorca.fra1.digitaloceanspaces.com\/wp-content\/uploads\/2025\/04\/iluminaci_n_1x.webp\" class=\"attachment-large size-large wp-image-289\" alt=\"\" srcset=\"https:\/\/electric-solutions-mallorca.fra1.digitaloceanspaces.com\/wp-content\/uploads\/2025\/04\/iluminaci_n_1x.webp 650w, https:\/\/electric-solutions-mallorca.fra1.digitaloceanspaces.com\/wp-content\/uploads\/2025\/04\/iluminaci_n_1x-300x162.webp 300w\" sizes=\"(max-width: 650px) 100vw, 650px\" \/>\t\t\t\t\t\t\t\t\t\t\t\t\t\t\t<\/div>\n\t\t\t\t<\/div>\n\t\t\t\t<\/div>\n\t\t\t\t\t<\/div>\n\t\t\t\t<\/div>\n\t\t<a class=\"elementor-element elementor-element-6c4ff3e e-flex e-con-boxed e-con e-parent\" data-id=\"6c4ff3e\" data-element_type=\"container\" data-settings=\"{&quot;background_background&quot;:&quot;classic&quot;}\" href=\"https:\/\/electricsolutionsmallorca.com.es\/contactanos\/\">\n\t\t\t\t\t<div class=\"e-con-inner\">\n\t\t\t\t<div class=\"elementor-element elementor-element-2412a34 elementor-widget elementor-widget-heading\" data-id=\"2412a34\" data-element_type=\"widget\" data-widget_type=\"heading.default\">\n\t\t\t\t<div class=\"elementor-widget-container\">\n\t\t\t\t\t<span class=\"elementor-heading-title elementor-size-default\">Ben\u00f6tigen Sie elektrische oder Sicherheitsl\u00f6sungen?<\/span>\t\t\t\t<\/div>\n\t\t\t\t<\/div>\n\t\t\t\t<div class=\"elementor-element elementor-element-5587472 elementor-widget elementor-widget-heading\" data-id=\"5587472\" data-element_type=\"widget\" data-widget_type=\"heading.default\">\n\t\t\t\t<div class=\"elementor-widget-container\">\n\t\t\t\t\t<span class=\"elementor-heading-title elementor-size-default\">Angebot anfordern<\/span>\t\t\t\t<\/div>\n\t\t\t\t<\/div>\n\t\t\t\t<div class=\"elementor-element elementor-element-d4403d6 elementor-widget elementor-widget-text-editor\" data-id=\"d4403d6\" data-element_type=\"widget\" data-widget_type=\"text-editor.default\">\n\t\t\t\t<div class=\"elementor-widget-container\">\n\t\t\t\t\t\t\t\t\t<p>Kontaktieren Sie uns noch heute und erhalten Sie eine pers\u00f6nliche Beratung f\u00fcr Ihr Zuhause oder Ihr Unternehmen.<\/p>\t\t\t\t\t\t\t\t<\/div>\n\t\t\t\t<\/div>\n\t\t\t\t\t<\/div>\n\t\t\t\t<\/a>\n\t\t\t\t<\/div>\n\t\t","protected":false},"excerpt":{"rendered":"<p>Electric Solutions Mallorca Energie f\u00fcr Ihr Zuhause und Ihr Unternehmen Effiziente und sichere elektrische L\u00f6sungen Wir von Electric Solutions Mallorca bieten Ihnen qualitativ hochwertige elektrische Dienstleistungen, die die Effizienz und Sicherheit Ihres Hauses oder Ihres Unternehmens verbessern sollen. Von kompletten Elektroinstallationen bis hin zu Photovoltaikanlagen garantieren wir Ihnen L\u00f6sungen, die auf Ihre Bed\u00fcrfnisse zugeschnitten sind, [&hellip;]<\/p>\n","protected":false},"author":1,"featured_media":0,"parent":0,"menu_order":0,"comment_status":"closed","ping_status":"closed","template":"","meta":{"footnotes":""},"class_list":["post-352","page","type-page","status-publish","hentry"],"yoast_head":"<!-- This site is optimized with the Yoast SEO plugin v25.0 - https:\/\/yoast.com\/wordpress\/plugins\/seo\/ -->\n<title>Elektrizit\u00e4t | Elektrische Installationen auf Mallorca - Electric Solutions Mallorca<\/title>\n<meta name=\"description\" content=\"Entdecken Sie unsere elektrischen L\u00f6sungen auf Mallorca: Elektroinstallationen, Photovoltaik, elektrische Ladeger\u00e4te und effiziente Beleuchtung. Fragen Sie nach einem Angebot bei Electric Solutions Mallorca.\" \/>\n<meta name=\"robots\" content=\"index, follow, max-snippet:-1, max-image-preview:large, max-video-preview:-1\" \/>\n<link rel=\"canonical\" href=\"https:\/\/electricsolutionsmallorca.com.es\/de\/elektrizitaet\/\" \/>\n<meta property=\"og:locale\" content=\"de_DE\" \/>\n<meta property=\"og:type\" content=\"article\" \/>\n<meta property=\"og:title\" content=\"Elektrizit\u00e4t | Elektrische Installationen auf Mallorca - Electric Solutions Mallorca\" \/>\n<meta property=\"og:description\" content=\"Entdecken Sie unsere elektrischen L\u00f6sungen auf Mallorca: Elektroinstallationen, Photovoltaik, elektrische Ladeger\u00e4te und effiziente Beleuchtung. Fragen Sie nach einem Angebot bei Electric Solutions Mallorca.\" \/>\n<meta property=\"og:url\" content=\"https:\/\/electricsolutionsmallorca.com.es\/de\/elektrizitaet\/\" \/>\n<meta property=\"og:site_name\" content=\"Electric Solutions\" \/>\n<meta property=\"article:modified_time\" content=\"2025-04-11T07:37:12+00:00\" \/>\n<meta property=\"og:image\" content=\"http:\/\/electricsolutionsmallorca.disstintbeta.com\/wp-content\/uploads\/2025\/04\/soluciones_el_ctricas_a_medida_1x.webp\" \/>\n<meta name=\"twitter:card\" content=\"summary_large_image\" \/>\n<meta name=\"twitter:label1\" content=\"Gesch\u00e4tzte Lesezeit\" \/>\n\t<meta name=\"twitter:data1\" content=\"2\u00a0Minuten\" \/>\n<script type=\"application\/ld+json\" class=\"yoast-schema-graph\">{\"@context\":\"https:\/\/schema.org\",\"@graph\":[{\"@type\":\"WebPage\",\"@id\":\"https:\/\/electricsolutionsmallorca.com.es\/de\/elektrizitaet\/\",\"url\":\"https:\/\/electricsolutionsmallorca.com.es\/de\/elektrizitaet\/\",\"name\":\"Elektrizit\u00e4t | Elektrische Installationen auf Mallorca - Electric Solutions Mallorca\",\"isPartOf\":{\"@id\":\"https:\/\/electricsolutionsmallorca.com.es\/de\/#website\"},\"primaryImageOfPage\":{\"@id\":\"https:\/\/electricsolutionsmallorca.com.es\/de\/elektrizitaet\/#primaryimage\"},\"image\":{\"@id\":\"https:\/\/electricsolutionsmallorca.com.es\/de\/elektrizitaet\/#primaryimage\"},\"thumbnailUrl\":\"http:\/\/electricsolutionsmallorca.disstintbeta.com\/wp-content\/uploads\/2025\/04\/soluciones_el_ctricas_a_medida_1x.webp\",\"datePublished\":\"2025-04-04T10:13:14+00:00\",\"dateModified\":\"2025-04-11T07:37:12+00:00\",\"description\":\"Entdecken Sie unsere elektrischen L\u00f6sungen auf Mallorca: Elektroinstallationen, Photovoltaik, elektrische Ladeger\u00e4te und effiziente Beleuchtung. Fragen Sie nach einem Angebot bei Electric Solutions Mallorca.\",\"breadcrumb\":{\"@id\":\"https:\/\/electricsolutionsmallorca.com.es\/de\/elektrizitaet\/#breadcrumb\"},\"inLanguage\":\"de\",\"potentialAction\":[{\"@type\":\"ReadAction\",\"target\":[\"https:\/\/electricsolutionsmallorca.com.es\/de\/elektrizitaet\/\"]}]},{\"@type\":\"ImageObject\",\"inLanguage\":\"de\",\"@id\":\"https:\/\/electricsolutionsmallorca.com.es\/de\/elektrizitaet\/#primaryimage\",\"url\":\"http:\/\/electricsolutionsmallorca.disstintbeta.com\/wp-content\/uploads\/2025\/04\/soluciones_el_ctricas_a_medida_1x.webp\",\"contentUrl\":\"http:\/\/electricsolutionsmallorca.disstintbeta.com\/wp-content\/uploads\/2025\/04\/soluciones_el_ctricas_a_medida_1x.webp\"},{\"@type\":\"BreadcrumbList\",\"@id\":\"https:\/\/electricsolutionsmallorca.com.es\/de\/elektrizitaet\/#breadcrumb\",\"itemListElement\":[{\"@type\":\"ListItem\",\"position\":1,\"name\":\"Portada\",\"item\":\"https:\/\/electricsolutionsmallorca.com.es\/de\/\"},{\"@type\":\"ListItem\",\"position\":2,\"name\":\"Elektrizit\u00e4t\"}]},{\"@type\":\"WebSite\",\"@id\":\"https:\/\/electricsolutionsmallorca.com.es\/de\/#website\",\"url\":\"https:\/\/electricsolutionsmallorca.com.es\/de\/\",\"name\":\"Electric Solutions\",\"description\":\"\",\"publisher\":{\"@id\":\"https:\/\/electricsolutionsmallorca.com.es\/de\/#organization\"},\"potentialAction\":[{\"@type\":\"SearchAction\",\"target\":{\"@type\":\"EntryPoint\",\"urlTemplate\":\"https:\/\/electricsolutionsmallorca.com.es\/de\/?s={search_term_string}\"},\"query-input\":{\"@type\":\"PropertyValueSpecification\",\"valueRequired\":true,\"valueName\":\"search_term_string\"}}],\"inLanguage\":\"de\"},{\"@type\":\"Organization\",\"@id\":\"https:\/\/electricsolutionsmallorca.com.es\/de\/#organization\",\"name\":\"Electric Solutions\",\"url\":\"https:\/\/electricsolutionsmallorca.com.es\/de\/\",\"logo\":{\"@type\":\"ImageObject\",\"inLanguage\":\"de\",\"@id\":\"https:\/\/electricsolutionsmallorca.com.es\/de\/#\/schema\/logo\/image\/\",\"url\":\"https:\/\/electricsolutionsmallorca.com.es\/wp-content\/uploads\/2025\/04\/Group-1.svg\",\"contentUrl\":\"https:\/\/electricsolutionsmallorca.com.es\/wp-content\/uploads\/2025\/04\/Group-1.svg\",\"width\":211,\"height\":86,\"caption\":\"Electric Solutions\"},\"image\":{\"@id\":\"https:\/\/electricsolutionsmallorca.com.es\/de\/#\/schema\/logo\/image\/\"}}]}<\/script>\n<!-- \/ Yoast SEO plugin. -->","yoast_head_json":{"title":"Elektrizit\u00e4t | Elektrische Installationen auf Mallorca - Electric Solutions Mallorca","description":"Entdecken Sie unsere elektrischen L\u00f6sungen auf Mallorca: Elektroinstallationen, Photovoltaik, elektrische Ladeger\u00e4te und effiziente Beleuchtung. Fragen Sie nach einem Angebot bei Electric Solutions Mallorca.","robots":{"index":"index","follow":"follow","max-snippet":"max-snippet:-1","max-image-preview":"max-image-preview:large","max-video-preview":"max-video-preview:-1"},"canonical":"https:\/\/electricsolutionsmallorca.com.es\/de\/elektrizitaet\/","og_locale":"de_DE","og_type":"article","og_title":"Elektrizit\u00e4t | Elektrische Installationen auf Mallorca - Electric Solutions Mallorca","og_description":"Entdecken Sie unsere elektrischen L\u00f6sungen auf Mallorca: Elektroinstallationen, Photovoltaik, elektrische Ladeger\u00e4te und effiziente Beleuchtung. Fragen Sie nach einem Angebot bei Electric Solutions Mallorca.","og_url":"https:\/\/electricsolutionsmallorca.com.es\/de\/elektrizitaet\/","og_site_name":"Electric Solutions","article_modified_time":"2025-04-11T07:37:12+00:00","og_image":[{"url":"http:\/\/electricsolutionsmallorca.disstintbeta.com\/wp-content\/uploads\/2025\/04\/soluciones_el_ctricas_a_medida_1x.webp","type":"","width":"","height":""}],"twitter_card":"summary_large_image","twitter_misc":{"Gesch\u00e4tzte Lesezeit":"2\u00a0Minuten"},"schema":{"@context":"https:\/\/schema.org","@graph":[{"@type":"WebPage","@id":"https:\/\/electricsolutionsmallorca.com.es\/de\/elektrizitaet\/","url":"https:\/\/electricsolutionsmallorca.com.es\/de\/elektrizitaet\/","name":"Elektrizit\u00e4t | Elektrische Installationen auf Mallorca - Electric Solutions Mallorca","isPartOf":{"@id":"https:\/\/electricsolutionsmallorca.com.es\/de\/#website"},"primaryImageOfPage":{"@id":"https:\/\/electricsolutionsmallorca.com.es\/de\/elektrizitaet\/#primaryimage"},"image":{"@id":"https:\/\/electricsolutionsmallorca.com.es\/de\/elektrizitaet\/#primaryimage"},"thumbnailUrl":"http:\/\/electricsolutionsmallorca.disstintbeta.com\/wp-content\/uploads\/2025\/04\/soluciones_el_ctricas_a_medida_1x.webp","datePublished":"2025-04-04T10:13:14+00:00","dateModified":"2025-04-11T07:37:12+00:00","description":"Entdecken Sie unsere elektrischen L\u00f6sungen auf Mallorca: Elektroinstallationen, Photovoltaik, elektrische Ladeger\u00e4te und effiziente Beleuchtung. Fragen Sie nach einem Angebot bei Electric Solutions Mallorca.","breadcrumb":{"@id":"https:\/\/electricsolutionsmallorca.com.es\/de\/elektrizitaet\/#breadcrumb"},"inLanguage":"de","potentialAction":[{"@type":"ReadAction","target":["https:\/\/electricsolutionsmallorca.com.es\/de\/elektrizitaet\/"]}]},{"@type":"ImageObject","inLanguage":"de","@id":"https:\/\/electricsolutionsmallorca.com.es\/de\/elektrizitaet\/#primaryimage","url":"http:\/\/electricsolutionsmallorca.disstintbeta.com\/wp-content\/uploads\/2025\/04\/soluciones_el_ctricas_a_medida_1x.webp","contentUrl":"http:\/\/electricsolutionsmallorca.disstintbeta.com\/wp-content\/uploads\/2025\/04\/soluciones_el_ctricas_a_medida_1x.webp"},{"@type":"BreadcrumbList","@id":"https:\/\/electricsolutionsmallorca.com.es\/de\/elektrizitaet\/#breadcrumb","itemListElement":[{"@type":"ListItem","position":1,"name":"Portada","item":"https:\/\/electricsolutionsmallorca.com.es\/de\/"},{"@type":"ListItem","position":2,"name":"Elektrizit\u00e4t"}]},{"@type":"WebSite","@id":"https:\/\/electricsolutionsmallorca.com.es\/de\/#website","url":"https:\/\/electricsolutionsmallorca.com.es\/de\/","name":"Electric Solutions","description":"","publisher":{"@id":"https:\/\/electricsolutionsmallorca.com.es\/de\/#organization"},"potentialAction":[{"@type":"SearchAction","target":{"@type":"EntryPoint","urlTemplate":"https:\/\/electricsolutionsmallorca.com.es\/de\/?s={search_term_string}"},"query-input":{"@type":"PropertyValueSpecification","valueRequired":true,"valueName":"search_term_string"}}],"inLanguage":"de"},{"@type":"Organization","@id":"https:\/\/electricsolutionsmallorca.com.es\/de\/#organization","name":"Electric Solutions","url":"https:\/\/electricsolutionsmallorca.com.es\/de\/","logo":{"@type":"ImageObject","inLanguage":"de","@id":"https:\/\/electricsolutionsmallorca.com.es\/de\/#\/schema\/logo\/image\/","url":"https:\/\/electricsolutionsmallorca.com.es\/wp-content\/uploads\/2025\/04\/Group-1.svg","contentUrl":"https:\/\/electricsolutionsmallorca.com.es\/wp-content\/uploads\/2025\/04\/Group-1.svg","width":211,"height":86,"caption":"Electric Solutions"},"image":{"@id":"https:\/\/electricsolutionsmallorca.com.es\/de\/#\/schema\/logo\/image\/"}}]}},"_links":{"self":[{"href":"https:\/\/electricsolutionsmallorca.com.es\/de\/wp-json\/wp\/v2\/pages\/352","targetHints":{"allow":["GET"]}}],"collection":[{"href":"https:\/\/electricsolutionsmallorca.com.es\/de\/wp-json\/wp\/v2\/pages"}],"about":[{"href":"https:\/\/electricsolutionsmallorca.com.es\/de\/wp-json\/wp\/v2\/types\/page"}],"author":[{"embeddable":true,"href":"https:\/\/electricsolutionsmallorca.com.es\/de\/wp-json\/wp\/v2\/users\/1"}],"replies":[{"embeddable":true,"href":"https:\/\/electricsolutionsmallorca.com.es\/de\/wp-json\/wp\/v2\/comments?post=352"}],"version-history":[{"count":1,"href":"https:\/\/electricsolutionsmallorca.com.es\/de\/wp-json\/wp\/v2\/pages\/352\/revisions"}],"predecessor-version":[{"id":353,"href":"https:\/\/electricsolutionsmallorca.com.es\/de\/wp-json\/wp\/v2\/pages\/352\/revisions\/353"}],"wp:attachment":[{"href":"https:\/\/electricsolutionsmallorca.com.es\/de\/wp-json\/wp\/v2\/media?parent=352"}],"curies":[{"name":"wp","href":"https:\/\/api.w.org\/{rel}","templated":true}]}}